{"id":43,"date":"2023-02-23T11:33:37","date_gmt":"2023-02-23T11:33:37","guid":{"rendered":"https:\/\/mountainclubounasvaara.fi\/?page_id=43"},"modified":"2025-11-10T14:09:21","modified_gmt":"2025-11-10T14:09:21","slug":"valmennus","status":"publish","type":"page","link":"https:\/\/mountainclubounasvaara.fi\/index.php\/valmennus\/","title":{"rendered":"Valmennus"},"content":{"rendered":"\n<p>Mountain Club Ounasvaara on urheiluseura, joka tarjoaa lumilautailua ja freeski -laskemista lapsille ja nuorille. Seuran valmennustoiminta perustuu j\u00e4senten tarpeisiin, ja sen tavoitteena on tarjota kaikille sopivaa haastavaa ja innostavaa toimintaa. Seuran valmennus ja kilpailutoiminta luovat jokaiselle innokkaalle j\u00e4senelle vahvat perustaidot, joiden avulla lajia voi harrastaa turvallisesti ja kehittyen. Seura korostaa yhteis\u00f6llisyytt\u00e4 ja panostaa innostavaan ilmapiiriin kaikkien j\u00e4sentens\u00e4 keskuudessa.<\/p>\n\n\n\n<p>Seura tarjoaa ohjattua harjoittelua lumikaudella ja muina aikoina mahdollisuuksien mukaan.<\/p>\n\n\n\n<p>MCO kannustaa kaikkia j\u00e4seni\u00e4\u00e4n harrastamaan mahdollisimman paljon muuta liikuntaa ja urheilua omatoimisesti tai muissa urheiluseuroissa. Seura on sek\u00e4 kilpa- ett\u00e4 harrasteurheiluseura, ja kaikille tarjotaan mahdollisuus matalan kynnyksen kilpailutoimintaan. Seura mahdollistaa my\u00f6s kansainv\u00e4liseen huippu-urheiluun t\u00e4ht\u00e4\u00e4v\u00e4n polun kilpaurheilusta kiinnostuneille.<\/p>\n\n\n\n<h1 class=\"wp-block-heading\">Ryhm\u00e4t<\/h1>\n\n\n\n<h2 class=\"wp-block-heading\">Freeski-kerho<\/h2>\n\n\n\n<p>Noin 7-12 vuotiaille m\u00e4enlaskusta kiinnostuneille.<br><br>Ryhm\u00e4n perusedellytykset ovat aito innostus laskemista kohtaan sek\u00e4 kyky kuunnella ja keskitty\u00e4 valmentajien ohjaukseen koko treenien ajan. Tekniset minimivaatimukset ovat kyky laskea kaikkia Ounasvaaran rinteit\u00e4 omin avuin ja k\u00e4ytt\u00e4\u00e4 sek\u00e4 ankkuri- ett\u00e4 tuolihissi\u00e4 yksin ja ilman avustusta. Jos osaat jo laskea lujaa ja hypit erilaisista lumikasoista rinteiden reunassa tulet olemaan ryhm\u00e4ss\u00e4 kuin kotonasi. Kyky laskea takaperin on suositeltavaa, mutta ei v\u00e4ltt\u00e4m\u00e4t\u00f6nt\u00e4<br><br>Keskiviikkoisin klo 18:00 \u2013 19:30<br>Valmennusmaksu, talvi 2025-2026, 60\u20ac<\/p>\n\n\n\n<p>Ryhm\u00e4n valmentajina toimii vanhempia kisajunioreitamme: Lassi Nurmela, Niila Johansen, Kalle Palkinen sek\u00e4 Eetu Niemel\u00e4. <br>Jokaisessa harjoituksessa on syyt\u00e4 olla mukana laskijoiden vanhempia. Vanhempien ryhm\u00e4\u00e4 koordinoi Heidi Hussi. <br><\/p>\n\n\n\n<h2 class=\"wp-block-heading\">Tytt\u00f6jen snoukkakerho<\/h2>\n\n\n\n<p>7-12 vuotiaille lumilautailusta kiinnostuneille tyt\u00f6ille.<br><br>Ryhm\u00e4n perusedellytykset ovat aito innostus laskemista kohtaan sek\u00e4 kyky kuunnella ja keskitty\u00e4 valmentajien ohjaukseen koko treenien ajan. Tekniset minimivaatimukset ovat kyky laskea kaikkia Ounasvaaran rinteit\u00e4 omin avuin ja k\u00e4ytt\u00e4\u00e4 sek\u00e4 ankkuri- ett\u00e4 tuolihissi\u00e4 yksin ja ilman avustusta. Jos osaat jo laskea lujaa ja hypit erilaisista lumikasoista rinteiden reunassa tulet olemaan ryhm\u00e4ss\u00e4 kuin kotonasi. Kyky laskea takaperin on suositeltavaa, mutta ei v\u00e4ltt\u00e4m\u00e4t\u00f6nt\u00e4<br><br>2krt \/ kk maanantaisin klo 18:00 \u2013 19:30<br>Valmennusmaksu, talvi 2025-2026, 35\u20ac<\/p>\n\n\n\n<p>Ryhm\u00e4n valmentajina toimii Saana V\u00e4likangas sek\u00e4 Emma Laine.<\/p>\n\n\n\n<h2 class=\"wp-block-heading\">Freeski rentoryhm\u00e4<\/h2>\n\n\n\n<p>Yli 12 vuotiaille freeskiereille jotka haluavat rennon otteen.<br><br>Laskijalla tulee olla hallussa laskemisen hyv\u00e4t v\u00e4lineen k\u00e4sittelytaidot kuten leikkaava k\u00e4\u00e4nn\u00f6s, takaperin (switchin\u00e4) laskeminen, ponnistus ja sen oikea ajoitus, sek\u00e4 v\u00e4hint\u00e4\u00e4n kokeillut py\u00f6rimist\u00e4 ja reilej\u00e4 parkissa. Kauden aikana siirryt\u00e4\u00e4n taitojen edistyess\u00e4 haasteellisempiin obstaakkeleihin.<br><br>Ti ja To klo 18:00 \u2013 19:30<br>Valmennusmaksu, talvi 2025-2026, 120\u20ac<\/p>\n\n\n\n<p>Ryhm\u00e4n valmentajina toimii Veeti Rytinki ja Sakari Gummerus.<\/p>\n\n\n\n<h2 class=\"wp-block-heading\">Lumilauta rentoryhm\u00e4<\/h2>\n\n\n\n<p>Yli 12 vuotiaille lumilautailijoille jotka haluavat rennon otteen.<br><br>Laskijalla tulee olla hallussa laskemisen hyv\u00e4t v\u00e4lineen k\u00e4sittelytaidot kuten leikkaava k\u00e4\u00e4nn\u00f6s, takaperin (switchin\u00e4) laskeminen, ponnistus ja sen oikea ajoitus, sek\u00e4 v\u00e4hint\u00e4\u00e4n kokeillut py\u00f6rimist\u00e4 ja reilej\u00e4 parkissa. Kauden aikana siirryt\u00e4\u00e4n taitojen edistyess\u00e4 haasteellisempiin obstaakkeleihin.<br><br>Ti ja To klo 18:00 \u2013 19:30<br>Valmennusmaksu, talvi 2025-2026, 120\u20ac<\/p>\n\n\n\n<p>Ryhm\u00e4n valmentajina toimii Oskari Mutanen ja Kaapo Elkki.<br><\/p>\n\n\n\n<h2 class=\"wp-block-heading\">Freeski kisaryhm\u00e4<\/h2>\n\n\n\n<p>Tavoitteellisesti treenaavien porukka. Haluat kiert\u00e4\u00e4 Fearless Finns Freeski Touria tai kuvata tavoitteellisesti.<br><br>Ryhm\u00e4\u00e4n tuleminen edellytt\u00e4\u00e4 eritt\u00e4in hyv\u00e4t v\u00e4lineen k\u00e4sittelytaidot, sujuvaa switch laskemista ja&nbsp; erikokoisten hyppyreiden ja reilien hallintaa. Py\u00f6rimiset eri suuntiin erikokoisista hyppyreist\u00e4.<br><br>Ti ja To klo 18:00 \u2013 19:30<br>Valmennusmaksu, talvi 2024-2025, 100\u20ac<\/p>\n\n\n\n<p>Ryhm\u00e4n valmentajina toimii Veeti Rytinki ja Sakari Gummerus.<\/p>\n\n\n\n<h2 class=\"wp-block-heading\">Lumilauta kisaryhm\u00e4<\/h2>\n\n\n\n<p>Tavoitteellisesti treenaavien porukka. Haluat kiert\u00e4\u00e4 Suomi Cupia tai kuvata tavoitteellisesti.<br><br>Ryhm\u00e4\u00e4n tuleminen edellytt\u00e4\u00e4 eritt\u00e4in hyv\u00e4t v\u00e4lineen k\u00e4sittelytaidot, sujuvaa switch laskemista ja&nbsp; erikokoisten hyppyreiden ja reilien hallintaa. Py\u00f6rimiset eri suuntiin erikokoisista hyppyreist\u00e4.<br><br>Ti ja To klo 18:00 \u2013 19:30<br>Valmennusmaksu, talvi 2024-2025, 100\u20ac<\/p>\n\n\n\n<p>Ryhm\u00e4n valmentajina toimii Oskari Mutanen ja Kaapo Elkki.<\/p>\n\n\n\n<p><strong>Kaikkia ryhmi\u00e4 voidaan yhdist\u00e4\u00e4 ja jakaa tilanteen mukaan.<\/strong><\/p>\n","protected":false},"excerpt":{"rendered":"<p>Mountain Club Ounasvaara on urheiluseura, joka tarjoaa lumilautailua ja freeski -laskemista lapsille ja nuorille. Seuran valmennustoiminta perustuu j\u00e4senten tarpeisiin, ja sen tavoitteena on tarjota kaikille sopivaa haastavaa ja innostavaa toimintaa. Seuran valmennus ja kilpailutoiminta luovat jokaiselle innokkaalle j\u00e4senelle vahvat perustaidot, joiden avulla lajia voi harrastaa turvallisesti ja kehittyen. Seura korostaa yhteis\u00f6llisyytt\u00e4 ja panostaa innostavaan ilmapiiriin [&hellip;]<\/p>\n","protected":false},"author":1,"featured_media":0,"parent":0,"menu_order":0,"comment_status":"closed","ping_status":"closed","template":"","meta":{"footnotes":""},"class_list":["post-43","page","type-page","status-publish","hentry"],"_links":{"self":[{"href":"https:\/\/mountainclubounasvaara.fi\/index.php\/wp-json\/wp\/v2\/pages\/43","targetHints":{"allow":["GET"]}}],"collection":[{"href":"https:\/\/mountainclubounasvaara.fi\/index.php\/wp-json\/wp\/v2\/pages"}],"about":[{"href":"https:\/\/mountainclubounasvaara.fi\/index.php\/wp-json\/wp\/v2\/types\/page"}],"author":[{"embeddable":true,"href":"https:\/\/mountainclubounasvaara.fi\/index.php\/wp-json\/wp\/v2\/users\/1"}],"replies":[{"embeddable":true,"href":"https:\/\/mountainclubounasvaara.fi\/index.php\/wp-json\/wp\/v2\/comments?post=43"}],"version-history":[{"count":13,"href":"https:\/\/mountainclubounasvaara.fi\/index.php\/wp-json\/wp\/v2\/pages\/43\/revisions"}],"predecessor-version":[{"id":327,"href":"https:\/\/mountainclubounasvaara.fi\/index.php\/wp-json\/wp\/v2\/pages\/43\/revisions\/327"}],"wp:attachment":[{"href":"https:\/\/mountainclubounasvaara.fi\/index.php\/wp-json\/wp\/v2\/media?parent=43"}],"curies":[{"name":"wp","href":"https:\/\/api.w.org\/{rel}","templated":true}]}}