{"id":47,"date":"2023-02-23T11:35:22","date_gmt":"2023-02-23T11:35:22","guid":{"rendered":"https:\/\/mountainclubounasvaara.fi\/?page_id=47"},"modified":"2026-01-20T15:49:14","modified_gmt":"2026-01-20T15:49:14","slug":"jasenyys","status":"publish","type":"page","link":"https:\/\/mountainclubounasvaara.fi\/index.php\/jasenyys\/","title":{"rendered":"J\u00e4senyys"},"content":{"rendered":"\n<p>Seuraan p\u00e4\u00e4see mukaan hakemalla j\u00e4seneksi oheisesta linkist\u00e4:<br><a href=\"https:\/\/www.suomisport.fi\/events\/c5bf5e0e-a787-41f7-aebb-3a63c847066a\" data-type=\"link\" data-id=\"https:\/\/www.suomisport.fi\/events\/c5bf5e0e-a787-41f7-aebb-3a63c847066a\">HAE J\u00c4SENEKSI<\/a><br>Vuosij\u00e4senyysmaksu on 30\u20ac<br><br>J\u00e4seneksi- ja harjoitusryhmiin ilmoituspalvelu Suomisport vaatii profiilin luomisen j\u00e4rjestelm\u00e4\u00e4n. Henkil\u00f6tiedot, jotka annetaan profiilin luonnin yhteydess\u00e4, siirtyv\u00e4t automaattisesti Suomisportiin, joka on Suomen Olympiakomitean valtakunnallinen j\u00e4senrekisteri. Mik\u00e4li olet ilmoittamassa huollettavaasi,<strong> tee ensin itsellesi <\/strong>profiili Suomisportiin ja l<strong>is\u00e4\u00e4 sitten huollettavasi omaan profiiliisi<\/strong>. Suomisport profiilin luonti on ilmaista. <br><a href=\"https:\/\/www.youtube.com\/watch?v=M6t4DHSBrqA\">Suomisport pikaohje tilin luomiseen<\/a><br><a href=\"https:\/\/info.suomisport.fi\/tietosuojaseloste\/\">Suomisport rekisteriseloste<\/a><\/p>\n\n\n\n<p>Kun yhdistyksen hallitus on hyv\u00e4ksynyt j\u00e4senhakemuksen p\u00e4\u00e4sette ilmoittautumaan harjoitusryhmiin.<br>Vanhempien ei tarvitse olla seuran j\u00e4seni\u00e4. Vain ryhm\u00e4\u00e4n ilmoittautuvan pit\u00e4\u00e4 olla seuran j\u00e4sen.<br>Maksun voi suorittaa verkkopankkitunnuksilla, useilla luottokorteilla, mobile paylla tai laskulla.<br><\/p>\n\n\n\n<p><span style=\"text-decoration: underline;\"><strong>Harjoitusryhm\u00e4t<\/strong><\/span><br><a href=\"https:\/\/mountainclubounasvaara.fi\/index.php\/valmennus\/\">linkki<\/a> ryhm\u00e4kuvauksiin<\/p>\n\n\n\n<p>Rollohalli -treenit 1.9.-9.11.<br><a href=\"https:\/\/www.suomisport.fi\/events\/e5732c58-964c-46f4-a0a5-0134f10ec4b4\">ILMOITTAUDU MUKAAN<\/a><br>Harjoitusten valmennusmaksu on 50\u20ac<\/p>\n\n\n\n<p>Freeski-kerho<br><a href=\"https:\/\/www.suomisport.fi\/events\/ac609c23-4e8d-4cc1-879e-44462a56c8a3\" data-type=\"link\" data-id=\"https:\/\/www.suomisport.fi\/events\/ac609c23-4e8d-4cc1-879e-44462a56c8a3\"><strong>ILMOITTAUDU<\/strong><\/a><br>Valmennusmaksu on 60\u20ac<br>Er\u00e4p\u00e4iv\u00e4 19.12.2025<\/p>\n\n\n\n<p>Tytt\u00f6jen snoukkakerho<br><a href=\"https:\/\/www.suomisport.fi\/events\/28deab47-5800-40f4-b67d-1ba8db7a9a0c\"><strong>ILMOITTAUDU<\/strong><\/a><br>Valmennusmaksu on 35\u20ac<br>Er\u00e4p\u00e4iv\u00e4 19.12.2025<\/p>\n\n\n\n<p>Lumilauta Rento- ja kisaryhm\u00e4<br><a href=\"https:\/\/www.suomisport.fi\/events\/8005898a-a426-4701-a112-866642a18725\"><strong>ILMOITTAUDU<\/strong><\/a><br>Valmennusmaksu on 120\u20ac<br>1. osan (60\u20ac) er\u00e4p\u00e4iv\u00e4 19.12.2025<br>2. osan (60\u20ac) er\u00e4p\u00e4iv\u00e4 1.2.2026<\/p>\n\n\n\n<p>Freeski Rento- ja kisaryhm\u00e4<br><a href=\"https:\/\/www.suomisport.fi\/events\/b9b650e5-fc05-43bf-9b55-9bc797ff96e3\"><strong>ILMOITTAUDU<\/strong><\/a><br>1. osan (60\u20ac) er\u00e4p\u00e4iv\u00e4 19.12.2025<br>2. osan (60\u20ac) er\u00e4p\u00e4iv\u00e4 1.2.2026<\/p>\n\n\n\n<p><\/p>\n\n\n\n<p><span style=\"text-decoration: underline;\"><strong>Vakuutukset<\/strong><\/span><\/p>\n\n\n\n<p>On t\u00e4rke\u00e4\u00e4 varmistaa, ett\u00e4 sinulla on asianmukainen vakuutus, joka kattaa laskettelun rinteess\u00e4. <br><br><span style=\"text-decoration: underline;\">Freeski<\/span><br>Jos aiot osallistua kansalliseen kilpailutoimintaan ja olet alle 12-vuotias, voit hankkia Hiihtoliiton Skipassin, joka sis\u00e4lt\u00e4\u00e4 vakuutuksen. Kun olet yli 12-vuotias ja taidot karttuvat, on t\u00e4rke\u00e4\u00e4 varmistaa, ett\u00e4 oma vakuutus kattaa my\u00f6s freestylehiihdon. Erilaisilla vakuutusyhti\u00f6ill\u00e4 voi olla erilaisia k\u00e4yt\u00e4nt\u00f6j\u00e4, ja Hiihtoliiton kilpailulisenssi voidaan hankkia joko vakuutuksen kanssa tai ilman.<br><a href=\"https:\/\/skisport.fi\/lisenssit-skipassi\/?_gl=1*1nc0o0c*_up*MQ..*_ga*MTkwMDQ4OTEyOC4xNzYxNDE1MzAx*_ga_HNTVVSN772*czE3NjE0MTUzMDAkbzEkZzAkdDE3NjE0MTUzMDAkajYwJGwwJGgxMTkwODM3NTc4\" target=\"_blank\" rel=\"noreferrer noopener\">Linkki SkiSport Finlandin sivuille.<\/a><\/p>\n\n\n\n<p><br><span style=\"text-decoration: underline;\">Lumilautailu<\/span><br><a href=\"https:\/\/www.fsa.fi\/\" target=\"_blank\" rel=\"noreferrer noopener\">Linkki Suomen Lumilautaliiton sivulle.<\/a><\/p>\n\n\n\n<p><\/p>\n","protected":false},"excerpt":{"rendered":"<p>Seuraan p\u00e4\u00e4see mukaan hakemalla j\u00e4seneksi oheisesta linkist\u00e4:HAE J\u00c4SENEKSIVuosij\u00e4senyysmaksu on 30\u20ac J\u00e4seneksi- ja harjoitusryhmiin ilmoituspalvelu Suomisport vaatii profiilin luomisen j\u00e4rjestelm\u00e4\u00e4n. Henkil\u00f6tiedot, jotka annetaan profiilin luonnin yhteydess\u00e4, siirtyv\u00e4t automaattisesti Suomisportiin, joka on Suomen Olympiakomitean valtakunnallinen j\u00e4senrekisteri. Mik\u00e4li olet ilmoittamassa huollettavaasi, tee ensin itsellesi profiili Suomisportiin ja lis\u00e4\u00e4 sitten huollettavasi omaan profiiliisi. Suomisport profiilin luonti on ilmaista. Suomisport [&hellip;]<\/p>\n","protected":false},"author":1,"featured_media":0,"parent":0,"menu_order":0,"comment_status":"closed","ping_status":"closed","template":"","meta":{"footnotes":""},"class_list":["post-47","page","type-page","status-publish","hentry"],"_links":{"self":[{"href":"https:\/\/mountainclubounasvaara.fi\/index.php\/wp-json\/wp\/v2\/pages\/47","targetHints":{"allow":["GET"]}}],"collection":[{"href":"https:\/\/mountainclubounasvaara.fi\/index.php\/wp-json\/wp\/v2\/pages"}],"about":[{"href":"https:\/\/mountainclubounasvaara.fi\/index.php\/wp-json\/wp\/v2\/types\/page"}],"author":[{"embeddable":true,"href":"https:\/\/mountainclubounasvaara.fi\/index.php\/wp-json\/wp\/v2\/users\/1"}],"replies":[{"embeddable":true,"href":"https:\/\/mountainclubounasvaara.fi\/index.php\/wp-json\/wp\/v2\/comments?post=47"}],"version-history":[{"count":15,"href":"https:\/\/mountainclubounasvaara.fi\/index.php\/wp-json\/wp\/v2\/pages\/47\/revisions"}],"predecessor-version":[{"id":331,"href":"https:\/\/mountainclubounasvaara.fi\/index.php\/wp-json\/wp\/v2\/pages\/47\/revisions\/331"}],"wp:attachment":[{"href":"https:\/\/mountainclubounasvaara.fi\/index.php\/wp-json\/wp\/v2\/media?parent=47"}],"curies":[{"name":"wp","href":"https:\/\/api.w.org\/{rel}","templated":true}]}}