{"id":49,"date":"2023-02-23T11:35:48","date_gmt":"2023-02-23T11:35:48","guid":{"rendered":"https:\/\/mountainclubounasvaara.fi\/?page_id=49"},"modified":"2024-10-24T17:20:09","modified_gmt":"2024-10-24T17:20:09","slug":"kilpailut-ja-leirit","status":"publish","type":"page","link":"https:\/\/mountainclubounasvaara.fi\/index.php\/kilpailut-ja-leirit\/","title":{"rendered":"Kilpailut ja leirit"},"content":{"rendered":"\n<p><strong>2024 &#8211; 2025 tapahtumia<\/strong><br><br>17.-20.10. Lappi-Cup leiri ja kisa, Levi<br>26.-27.10. Fearless Freeski Tour FIS BA RA, Levi<br>23.11. Oukku Open RJ<br>30.11. Lappi-Cup, SS, Ounasvaara<br>5.12. Oukku sessiot<br>12.-15.12. Swedish Slopestyle Tour, Kiiruna<br>2.1. Oukku sessiot<br>18.1. Fearless Freeski Tour FIS SS, Oukku<br>18.-19.1. Lumilauta Suomi-Cup, SS RJ, Kasurila<br>1.-2.2. Lumilauta Suomi-Cup, World Rookie Tour, SS BA, Vuokatti<br>6.2. Oukku sessiot<br>8.-9.2. Fearless Freeski Tour FIS SS BA, Iso-Sy\u00f6te<br>15.2. Lappi-Cup, Kalli (Keminmaa)<br>22.2. Lappi-Cup, Luosto<br>1.-2.3. Lumilauta Suomi-Cup, SS RJ Luosto<br>6.3. Oukku sessiot<br>8.3. Lappi-Cup, Yll\u00e4sj\u00e4rvi<br>15.3. Fearless Freeski Tour SS, Hyvink\u00e4\u00e4<br>22.3. Lappi-Cup, Olos<br>3.-6.4. Lumilauta SM FIS, BA SS HP, Ruka<br>12.4. Banked SM, WSH BS, Tahko<br>18.4. Oukun MCO p\u00e4\u00e4t\u00f6ssessarit<br>24.-27.4. Fearless Freeski SM FIS, MO DM BA SS RA, Levi<br>28.4.-1.5. Leiri Levi<br>3.5. Lappi-Cup Finaali, Levi<\/p>\n\n\n\n<p>Selityksi\u00e4 lyhenteisiin:<br>BA: Big Air<br>SS: Slopestyle<br>RA: Rail<br>FIS: Kansainv\u00e4linen hiihto- ja lumilautaliitto<br>HP: Half pipe<br>MO: Kumpareet<br>DM: Parikumpareet<br>BS: Banked slalom<\/p>\n\n\n\n<p><\/p>\n","protected":false},"excerpt":{"rendered":"<p>2024 &#8211; 2025 tapahtumia 17.-20.10. Lappi-Cup leiri ja kisa, Levi26.-27.10. Fearless Freeski Tour FIS BA RA, Levi23.11. Oukku Open RJ30.11. Lappi-Cup, SS, Ounasvaara5.12. Oukku sessiot12.-15.12. Swedish Slopestyle Tour, Kiiruna2.1. Oukku sessiot18.1. Fearless Freeski Tour FIS SS, Oukku18.-19.1. Lumilauta Suomi-Cup, SS RJ, Kasurila1.-2.2. Lumilauta Suomi-Cup, World Rookie Tour, SS BA, Vuokatti6.2. Oukku sessiot8.-9.2. Fearless Freeski Tour [&hellip;]<\/p>\n","protected":false},"author":1,"featured_media":0,"parent":0,"menu_order":0,"comment_status":"closed","ping_status":"closed","template":"","meta":{"footnotes":""},"class_list":["post-49","page","type-page","status-publish","hentry"],"_links":{"self":[{"href":"https:\/\/mountainclubounasvaara.fi\/index.php\/wp-json\/wp\/v2\/pages\/49","targetHints":{"allow":["GET"]}}],"collection":[{"href":"https:\/\/mountainclubounasvaara.fi\/index.php\/wp-json\/wp\/v2\/pages"}],"about":[{"href":"https:\/\/mountainclubounasvaara.fi\/index.php\/wp-json\/wp\/v2\/types\/page"}],"author":[{"embeddable":true,"href":"https:\/\/mountainclubounasvaara.fi\/index.php\/wp-json\/wp\/v2\/users\/1"}],"replies":[{"embeddable":true,"href":"https:\/\/mountainclubounasvaara.fi\/index.php\/wp-json\/wp\/v2\/comments?post=49"}],"version-history":[{"count":4,"href":"https:\/\/mountainclubounasvaara.fi\/index.php\/wp-json\/wp\/v2\/pages\/49\/revisions"}],"predecessor-version":[{"id":281,"href":"https:\/\/mountainclubounasvaara.fi\/index.php\/wp-json\/wp\/v2\/pages\/49\/revisions\/281"}],"wp:attachment":[{"href":"https:\/\/mountainclubounasvaara.fi\/index.php\/wp-json\/wp\/v2\/media?parent=49"}],"curies":[{"name":"wp","href":"https:\/\/api.w.org\/{rel}","templated":true}]}}